{"id":5,"date":"2021-01-21T02:00:09","date_gmt":"2021-01-21T01:00:09","guid":{"rendered":"https:\/\/audreybriot.fr\/workshops\/?page_id=5"},"modified":"2023-06-13T12:21:04","modified_gmt":"2023-06-13T10:21:04","slug":"documentation","status":"publish","type":"page","link":"https:\/\/audreybriot.fr\/workshops\/","title":{"rendered":"Documentation"},"content":{"rendered":"\n<div style=\"height:100px\" aria-hidden=\"true\" class=\"wp-block-spacer\"><\/div>\n\n\n\n<div class=\"wp-block-columns alignwide are-vertically-aligned-center is-style-twentytwentyone-columns-overlap is-layout-flex wp-container-core-columns-is-layout-9d6595d7 wp-block-columns-is-layout-flex\">\n<div class=\"wp-block-column is-vertically-aligned-center is-layout-flow wp-block-column-is-layout-flow\">\n<div style=\"height:100px\" aria-hidden=\"true\" class=\"wp-block-spacer\"><\/div>\n\n\n\n<figure class=\"wp-block-image alignfull size-large is-style-twentytwentyone-image-frame\"><img loading=\"lazy\" decoding=\"async\" width=\"1024\" height=\"683\" src=\"https:\/\/audreybriot.fr\/workshops\/wp-content\/uploads\/2021\/01\/DSCF1249-1458x972-1-1024x683.jpg\" alt=\"\" class=\"wp-image-27\" srcset=\"https:\/\/audreybriot.fr\/workshops\/wp-content\/uploads\/2021\/01\/DSCF1249-1458x972-1-1024x683.jpg 1024w, https:\/\/audreybriot.fr\/workshops\/wp-content\/uploads\/2021\/01\/DSCF1249-1458x972-1-300x200.jpg 300w, https:\/\/audreybriot.fr\/workshops\/wp-content\/uploads\/2021\/01\/DSCF1249-1458x972-1-768x512.jpg 768w, https:\/\/audreybriot.fr\/workshops\/wp-content\/uploads\/2021\/01\/DSCF1249-1458x972-1.jpg 1458w\" sizes=\"auto, (max-width: 1024px) 100vw, 1024px\" \/><figcaption class=\"wp-element-caption\"><a href=\"https:\/\/audreybriot.fr\/workshops\/provotypes\">Provotypes, DNMADe Graphisme Textures, S\u00e8vres 2021<\/a><\/figcaption><\/figure>\n\n\n\n<figure class=\"wp-block-image alignfull size-large is-style-twentytwentyone-image-frame\"><img loading=\"lazy\" decoding=\"async\" width=\"1024\" height=\"768\" src=\"https:\/\/audreybriot.fr\/workshops\/wp-content\/uploads\/2021\/06\/f2a8683a-b102-45c3-85a4-bf17ea57af76-514-000000245f885fc8_file-1024x768.jpg\" alt=\"\" class=\"wp-image-1222\" srcset=\"https:\/\/audreybriot.fr\/workshops\/wp-content\/uploads\/2021\/06\/f2a8683a-b102-45c3-85a4-bf17ea57af76-514-000000245f885fc8_file-1024x768.jpg 1024w, https:\/\/audreybriot.fr\/workshops\/wp-content\/uploads\/2021\/06\/f2a8683a-b102-45c3-85a4-bf17ea57af76-514-000000245f885fc8_file-300x225.jpg 300w, https:\/\/audreybriot.fr\/workshops\/wp-content\/uploads\/2021\/06\/f2a8683a-b102-45c3-85a4-bf17ea57af76-514-000000245f885fc8_file-768x576.jpg 768w, https:\/\/audreybriot.fr\/workshops\/wp-content\/uploads\/2021\/06\/f2a8683a-b102-45c3-85a4-bf17ea57af76-514-000000245f885fc8_file-1536x1152.jpg 1536w, https:\/\/audreybriot.fr\/workshops\/wp-content\/uploads\/2021\/06\/f2a8683a-b102-45c3-85a4-bf17ea57af76-514-000000245f885fc8_file-2048x1536.jpg 2048w, https:\/\/audreybriot.fr\/workshops\/wp-content\/uploads\/2021\/06\/f2a8683a-b102-45c3-85a4-bf17ea57af76-514-000000245f885fc8_file-1070x803.jpg 1070w\" sizes=\"auto, (max-width: 1024px) 100vw, 1024px\" \/><figcaption class=\"wp-element-caption\"><a href=\"http:\/\/audreybriot.fr\/workshops\/broderie-or\" target=\"_blank\" rel=\"noreferrer noopener\">Broderie d&rsquo;or et champs \u00e9lectromagn\u00e9tiques, DNMADe Mat\u00e9riaux, S\u00e8vres 2022<\/a><\/figcaption><\/figure>\n\n\n\n<figure class=\"wp-block-image size-large\"><img loading=\"lazy\" decoding=\"async\" width=\"1024\" height=\"963\" src=\"https:\/\/audreybriot.fr\/workshops\/wp-content\/uploads\/2023\/06\/91lF3p6opRL-1024x963.jpg\" alt=\"\" class=\"wp-image-1501\" srcset=\"https:\/\/audreybriot.fr\/workshops\/wp-content\/uploads\/2023\/06\/91lF3p6opRL-1024x963.jpg 1024w, https:\/\/audreybriot.fr\/workshops\/wp-content\/uploads\/2023\/06\/91lF3p6opRL-300x282.jpg 300w, https:\/\/audreybriot.fr\/workshops\/wp-content\/uploads\/2023\/06\/91lF3p6opRL-768x722.jpg 768w, https:\/\/audreybriot.fr\/workshops\/wp-content\/uploads\/2023\/06\/91lF3p6opRL-1070x1006.jpg 1070w, https:\/\/audreybriot.fr\/workshops\/wp-content\/uploads\/2023\/06\/91lF3p6opRL.jpg 1368w\" sizes=\"auto, (max-width: 1024px) 100vw, 1024px\" \/><figcaption class=\"wp-element-caption\"><a href=\"http:\/\/audreybriot.fr\/workshops\/electromagnetisme-textile\" target=\"_blank\" rel=\"noreferrer noopener\">Broderie d&rsquo;or et champs \u00e9lectromagn\u00e9tiques, DNMADe Mat\u00e9riaux, S\u00e8vres 2023<\/a><\/figcaption><\/figure>\n<\/div>\n\n\n\n<div class=\"wp-block-column is-vertically-aligned-center is-layout-flow wp-block-column-is-layout-flow\"><\/div>\n<\/div>\n\n\n\n<div style=\"height:50px\" aria-hidden=\"true\" class=\"wp-block-spacer\"><\/div>\n\n\n\n<div class=\"wp-block-columns alignwide are-vertically-aligned-top is-layout-flex wp-container-core-columns-is-layout-9d6595d7 wp-block-columns-is-layout-flex\">\n<div class=\"wp-block-column is-vertically-aligned-top is-layout-flow wp-block-column-is-layout-flow\"><\/div>\n\n\n\n<div class=\"wp-block-column is-vertically-aligned-top is-layout-flow wp-block-column-is-layout-flow\"><\/div>\n<\/div>\n\n\n\n<div style=\"height:100px\" aria-hidden=\"true\" class=\"wp-block-spacer\"><\/div>\n\n\n\n<p><\/p>\n","protected":false},"excerpt":{"rendered":"","protected":false},"author":1,"featured_media":0,"parent":0,"menu_order":0,"comment_status":"closed","ping_status":"closed","template":"","meta":{"footnotes":""},"class_list":["post-5","page","type-page","status-publish","hentry"],"yoast_head":"<!-- This site is optimized with the Yoast SEO plugin v15.7 - https:\/\/yoast.com\/wordpress\/plugins\/seo\/ -->\n<title>Documentation -<\/title>\n<meta name=\"robots\" content=\"index, follow, max-snippet:-1, max-image-preview:large, max-video-preview:-1\" \/>\n<link rel=\"canonical\" href=\"https:\/\/audreybriot.fr\/workshops\/\" \/>\n<meta property=\"og:locale\" content=\"fr_FR\" \/>\n<meta property=\"og:type\" content=\"article\" \/>\n<meta property=\"og:title\" content=\"Documentation -\" \/>\n<meta property=\"og:url\" content=\"https:\/\/audreybriot.fr\/workshops\/\" \/>\n<meta property=\"article:modified_time\" content=\"2023-06-13T10:21:04+00:00\" \/>\n<meta property=\"og:image\" content=\"https:\/\/audreybriot.fr\/workshops\/wp-content\/uploads\/2021\/01\/DSCF1249-1458x972-1-1024x683.jpg\" \/>\n<meta name=\"twitter:card\" content=\"summary_large_image\" \/>\n<meta name=\"twitter:label1\" content=\"Dur\u00e9e de lecture est.\">\n\t<meta name=\"twitter:data1\" content=\"1 minute\">\n<script type=\"application\/ld+json\" class=\"yoast-schema-graph\">{\"@context\":\"https:\/\/schema.org\",\"@graph\":[{\"@type\":\"WebSite\",\"@id\":\"https:\/\/audreybriot.fr\/workshops\/#website\",\"url\":\"https:\/\/audreybriot.fr\/workshops\/\",\"name\":\"\",\"description\":\"\",\"potentialAction\":[{\"@type\":\"SearchAction\",\"target\":\"https:\/\/audreybriot.fr\/workshops\/?s={search_term_string}\",\"query-input\":\"required name=search_term_string\"}],\"inLanguage\":\"fr-FR\"},{\"@type\":\"ImageObject\",\"@id\":\"https:\/\/audreybriot.fr\/workshops\/#primaryimage\",\"inLanguage\":\"fr-FR\",\"url\":\"https:\/\/audreybriot.fr\/workshops\/wp-content\/uploads\/2021\/01\/DSCF1249-1458x972-1.jpg\",\"width\":1458,\"height\":972},{\"@type\":\"WebPage\",\"@id\":\"https:\/\/audreybriot.fr\/workshops\/#webpage\",\"url\":\"https:\/\/audreybriot.fr\/workshops\/\",\"name\":\"Documentation -\",\"isPartOf\":{\"@id\":\"https:\/\/audreybriot.fr\/workshops\/#website\"},\"primaryImageOfPage\":{\"@id\":\"https:\/\/audreybriot.fr\/workshops\/#primaryimage\"},\"datePublished\":\"2021-01-21T01:00:09+00:00\",\"dateModified\":\"2023-06-13T10:21:04+00:00\",\"inLanguage\":\"fr-FR\",\"potentialAction\":[{\"@type\":\"ReadAction\",\"target\":[\"https:\/\/audreybriot.fr\/workshops\/\"]}]}]}<\/script>\n<!-- \/ Yoast SEO plugin. -->","_links":{"self":[{"href":"https:\/\/audreybriot.fr\/workshops\/wp-json\/wp\/v2\/pages\/5","targetHints":{"allow":["GET"]}}],"collection":[{"href":"https:\/\/audreybriot.fr\/workshops\/wp-json\/wp\/v2\/pages"}],"about":[{"href":"https:\/\/audreybriot.fr\/workshops\/wp-json\/wp\/v2\/types\/page"}],"author":[{"embeddable":true,"href":"https:\/\/audreybriot.fr\/workshops\/wp-json\/wp\/v2\/users\/1"}],"replies":[{"embeddable":true,"href":"https:\/\/audreybriot.fr\/workshops\/wp-json\/wp\/v2\/comments?post=5"}],"version-history":[{"count":12,"href":"https:\/\/audreybriot.fr\/workshops\/wp-json\/wp\/v2\/pages\/5\/revisions"}],"predecessor-version":[{"id":1523,"href":"https:\/\/audreybriot.fr\/workshops\/wp-json\/wp\/v2\/pages\/5\/revisions\/1523"}],"wp:attachment":[{"href":"https:\/\/audreybriot.fr\/workshops\/wp-json\/wp\/v2\/media?parent=5"}],"curies":[{"name":"wp","href":"https:\/\/api.w.org\/{rel}","templated":true}]}}